{"id":12750,"date":"2026-04-15T20:41:52","date_gmt":"2026-04-15T20:41:52","guid":{"rendered":"https:\/\/flvshop.it\/?post_type=product&#038;p=12750"},"modified":"2026-04-25T07:41:24","modified_gmt":"2026-04-25T07:41:24","slug":"zaino-roll-top-economico","status":"publish","type":"product","link":"https:\/\/flvshop.it\/index.php\/prodotto\/zaino-roll-top-economico\/","title":{"rendered":"Zaino roll-top economico"},"content":{"rendered":"<h3 data-v-34a79a7b=\"\">Questo zainetto roll-top \u00e8 uno dei best seller tra i nostri gadget da viaggio e tempo libero. Grazie al suo design modernissimo ed essenziale allo stesso tempo, \u00e8 adatto a un pubblico ampio ed \u00e8 la soluzione giusta per chi cerca un merchandising di grande utilit\u00e0. Realizzato in un tessuto di poliestere 600D e dotato di una zip a denti grandi sul frontale per organizzare il contenuto in modo ottimale. A differenza di molti articoli simili, ha una chiusura doppia del comparto principale, con zip e con un moschettone a sgancio rapido, per garantire maggiore protezione al contenuto. Gli spallacci imbottiti garantiscono comfort anche nell\u2019uso quotidiano, trasformandolo in un compagno perfetto. Personalizzato con il logo, diventa uno strumento di comunicazione diretto ed efficace: leggero, funzionale e sempre pronto a dare visibilit\u00e0 al tuo marchio in occasione di eventi, fiere e mille altre occasioni promozionali<\/h3>\n","protected":false},"excerpt":{"rendered":"<p>Questo zainetto roll-top \u00e8 uno dei best seller tra i nostri gadget da viaggio e tempo libero. Grazie al suo&hellip;<\/p>\n","protected":false},"featured_media":12751,"comment_status":"open","ping_status":"closed","template":"","meta":[],"product_cat":[324,53,323],"product_tag":[],"class_list":{"0":"post-12750","1":"product","2":"type-product","3":"status-publish","4":"has-post-thumbnail","6":"product_cat-01-promo","7":"product_cat-01_tutti-i-prodotti","8":"product_cat-04-zaini","10":"first","11":"instock","12":"shipping-taxable","13":"purchasable","14":"product-type-simple"},"_links":{"self":[{"href":"https:\/\/flvshop.it\/index.php\/wp-json\/wp\/v2\/product\/12750","targetHints":{"allow":["GET"]}}],"collection":[{"href":"https:\/\/flvshop.it\/index.php\/wp-json\/wp\/v2\/product"}],"about":[{"href":"https:\/\/flvshop.it\/index.php\/wp-json\/wp\/v2\/types\/product"}],"replies":[{"embeddable":true,"href":"https:\/\/flvshop.it\/index.php\/wp-json\/wp\/v2\/comments?post=12750"}],"wp:featuredmedia":[{"embeddable":true,"href":"https:\/\/flvshop.it\/index.php\/wp-json\/wp\/v2\/media\/12751"}],"wp:attachment":[{"href":"https:\/\/flvshop.it\/index.php\/wp-json\/wp\/v2\/media?parent=12750"}],"wp:term":[{"taxonomy":"product_cat","embeddable":true,"href":"https:\/\/flvshop.it\/index.php\/wp-json\/wp\/v2\/product_cat?post=12750"},{"taxonomy":"product_tag","embeddable":true,"href":"https:\/\/flvshop.it\/index.php\/wp-json\/wp\/v2\/product_tag?post=12750"}],"curies":[{"name":"wp","href":"https:\/\/api.w.org\/{rel}","templated":true}]}}