{"id":12737,"date":"2026-04-15T20:38:26","date_gmt":"2026-04-15T20:38:26","guid":{"rendered":"https:\/\/flvshop.it\/?post_type=product&#038;p=12737"},"modified":"2026-04-25T07:43:29","modified_gmt":"2026-04-25T07:43:29","slug":"zainetto-viaggio-e-tempo-libero","status":"publish","type":"product","link":"https:\/\/flvshop.it\/index.php\/prodotto\/zainetto-viaggio-e-tempo-libero\/","title":{"rendered":"Zainetto viaggio e tempo libero"},"content":{"rendered":"<h3 data-v-34a79a7b=\"\">Questo zainetto da viaggio e tempo libero, realizzato in resistente tessuto di poliestere 600D, \u00e8 un compagno di viaggi versatile e comodo. L\u2019ampio comparto principale e la taschina frontale con zip permettono di organizzare facilmente gli oggetti essenziali, mentre le due tasche laterali in rete sono perfette per borracce o accessori. Sul frontale, l\u2019elastico incrociato con passanti in tessuto riflettente, dettaglio che unisce funzionalit\u00e0 e sicurezza, \u00e8 ideale per trasportare una giacca o una felpa anche quando lo zaino \u00e8 pieno. Gli spallacci e lo schienale imbottiti garantiscono comfort nell\u2019uso quotidiano. Personalizzato con il logo, questo zainetto trasforma un semplice omaggio in uno strumento promozionale efficace, per agenzie viaggi, tour operator, albergi o campeggi, ma anche per aziende che cercano un articolo versatile e di grande impatto, pensato per diventare un gadget personalizzato davvero efficace.<\/h3>\n","protected":false},"excerpt":{"rendered":"<p>Questo zainetto da viaggio e tempo libero, realizzato in resistente tessuto di poliestere 600D, \u00e8 un compagno di viaggi versatile&hellip;<\/p>\n","protected":false},"featured_media":12738,"comment_status":"open","ping_status":"closed","template":"","meta":[],"product_cat":[324,53,323],"product_tag":[],"class_list":{"0":"post-12737","1":"product","2":"type-product","3":"status-publish","4":"has-post-thumbnail","6":"product_cat-01-promo","7":"product_cat-01_tutti-i-prodotti","8":"product_cat-04-zaini","10":"first","11":"instock","12":"shipping-taxable","13":"purchasable","14":"product-type-simple"},"_links":{"self":[{"href":"https:\/\/flvshop.it\/index.php\/wp-json\/wp\/v2\/product\/12737","targetHints":{"allow":["GET"]}}],"collection":[{"href":"https:\/\/flvshop.it\/index.php\/wp-json\/wp\/v2\/product"}],"about":[{"href":"https:\/\/flvshop.it\/index.php\/wp-json\/wp\/v2\/types\/product"}],"replies":[{"embeddable":true,"href":"https:\/\/flvshop.it\/index.php\/wp-json\/wp\/v2\/comments?post=12737"}],"wp:featuredmedia":[{"embeddable":true,"href":"https:\/\/flvshop.it\/index.php\/wp-json\/wp\/v2\/media\/12738"}],"wp:attachment":[{"href":"https:\/\/flvshop.it\/index.php\/wp-json\/wp\/v2\/media?parent=12737"}],"wp:term":[{"taxonomy":"product_cat","embeddable":true,"href":"https:\/\/flvshop.it\/index.php\/wp-json\/wp\/v2\/product_cat?post=12737"},{"taxonomy":"product_tag","embeddable":true,"href":"https:\/\/flvshop.it\/index.php\/wp-json\/wp\/v2\/product_tag?post=12737"}],"curies":[{"name":"wp","href":"https:\/\/api.w.org\/{rel}","templated":true}]}}